{"id":400,"date":"2023-01-25T17:20:49","date_gmt":"2023-01-25T16:20:49","guid":{"rendered":"https:\/\/friis8600.dk\/opskrifter\/?page_id=400"},"modified":"2023-01-25T17:20:49","modified_gmt":"2023-01-25T16:20:49","slug":"fiskesuppe-med-kartofler-tomater-tyk-suppe","status":"publish","type":"page","link":"https:\/\/friis8600.dk\/opskrifter\/index.php\/fiskesuppe-med-kartofler-tomater-tyk-suppe\/","title":{"rendered":"Fiskesuppe med kartofler &#038; tomater (tyk suppe)"},"content":{"rendered":"<ul>\n<li>1 l\u00f8g<\/li>\n<li>2 guler\u00f8dder<\/li>\n<li>3-4 kartofler<\/li>\n<li>3 fed hvidl\u00f8g<\/li>\n<li>2 spsk olivenolie<\/li>\n<li>Salt, efter smag<\/li>\n<li>Sort peber, efter smag<\/li>\n<li>1l fiskefond eller skaldyrsfond<\/li>\n<li>120ml hvidvin, t\u00f8r<\/li>\n<li>1 spsk citronsaft<\/li>\n<li>900 g tomater, hakkede, i deres egen juice<\/li>\n<li>500 g torskefilet<\/li>\n<li>\u00bd bundt persille<\/li>\n<\/ul>\n<p>Skr\u00e6l gr\u00f8ntsagerne.<br \/>\nHak l\u00f8get i sm\u00e5 tern, guler\u00f8dder og kartofler i mellemstore stykker.<br \/>\nHak hvidl\u00f8g.<br \/>\nOpvarm olivenolien i en gryde.<br \/>\nTils\u00e6t gr\u00f8ntsagerne og smag til med salt og peber.<br \/>\nSimre i 5-7 minutter, indtil de er m\u00f8re.<br \/>\nH\u00e6ld bouillon i, tils\u00e6t vin og citronsaft.<br \/>\nBring v\u00e6sken i kog, lad det simre i ca. 10 minutter.<br \/>\nTilf\u00f8j tomaterne til suppen, kog videre i 10 minutter<br \/>\nHak torsken i sm\u00e5 stykker, dyp i bouillonen.<br \/>\nLad suppen simre under l\u00e5g i yderligere 5 minutter.<br \/>\nDrys fiskesuppen med hakket persille inden servering.<\/p>\n","protected":false},"excerpt":{"rendered":"<p>1 l\u00f8g 2 guler\u00f8dder 3-4 kartofler 3 fed hvidl\u00f8g 2 spsk olivenolie Salt, efter smag Sort peber, efter smag 1l fiskefond eller skaldyrsfond 120ml hvidvin, t\u00f8r 1 spsk citronsaft 900 g tomater, hakkede, i deres egen juice 500 g torskefilet <a class=\"more-link\" href=\"https:\/\/friis8600.dk\/opskrifter\/index.php\/fiskesuppe-med-kartofler-tomater-tyk-suppe\/\">L\u00e6s mere &#8230;<\/a><\/p>\n","protected":false},"author":1,"featured_media":0,"parent":0,"menu_order":0,"comment_status":"closed","ping_status":"closed","template":"","meta":{"footnotes":""},"class_list":["post-400","page","type-page","status-publish","hentry"],"_links":{"self":[{"href":"https:\/\/friis8600.dk\/opskrifter\/index.php\/wp-json\/wp\/v2\/pages\/400","targetHints":{"allow":["GET"]}}],"collection":[{"href":"https:\/\/friis8600.dk\/opskrifter\/index.php\/wp-json\/wp\/v2\/pages"}],"about":[{"href":"https:\/\/friis8600.dk\/opskrifter\/index.php\/wp-json\/wp\/v2\/types\/page"}],"author":[{"embeddable":true,"href":"https:\/\/friis8600.dk\/opskrifter\/index.php\/wp-json\/wp\/v2\/users\/1"}],"replies":[{"embeddable":true,"href":"https:\/\/friis8600.dk\/opskrifter\/index.php\/wp-json\/wp\/v2\/comments?post=400"}],"version-history":[{"count":1,"href":"https:\/\/friis8600.dk\/opskrifter\/index.php\/wp-json\/wp\/v2\/pages\/400\/revisions"}],"predecessor-version":[{"id":401,"href":"https:\/\/friis8600.dk\/opskrifter\/index.php\/wp-json\/wp\/v2\/pages\/400\/revisions\/401"}],"wp:attachment":[{"href":"https:\/\/friis8600.dk\/opskrifter\/index.php\/wp-json\/wp\/v2\/media?parent=400"}],"curies":[{"name":"wp","href":"https:\/\/api.w.org\/{rel}","templated":true}]}}