{"id":397,"date":"2023-01-25T17:16:22","date_gmt":"2023-01-25T16:16:22","guid":{"rendered":"https:\/\/friis8600.dk\/opskrifter\/?page_id=397"},"modified":"2024-01-30T12:49:29","modified_gmt":"2024-01-30T11:49:29","slug":"brydebroed-i-airfryer","status":"publish","type":"page","link":"https:\/\/friis8600.dk\/opskrifter\/index.php\/brydebroed-i-airfryer\/","title":{"rendered":"Brydebr\u00f8d i Airfryer"},"content":{"rendered":"<ul class=\"wprm-recipe-ingredients\">\n<li class=\"wprm-recipe-ingredient\" data-uid=\"0\">\n<header class=\"entry-header\">\n<h1 class=\"entry-title\">Boller i airfryer (brydebr\u00f8d)<\/h1>\n<\/header>\n<div class=\"entry-content\">\n<h3 class=\"wprm-recipe-header wprm-recipe-ingredients-header wprm-block-text-bold wprm-align-left wprm-header-decoration-none fusion-responsive-typography-calculated\" data-fontsize=\"16.2\" data-lineheight=\"21.06px\">Ingredienser<\/h3>\n<div class=\"wprm-recipe-ingredient-group\">\n<p>Til 8 boller \u2013 bag 4 af gangen<\/p>\n<ul class=\"wprm-recipe-ingredients\">\n<li class=\"wprm-recipe-ingredient\" data-uid=\"0\"><span class=\"wprm-recipe-ingredient-amount\">2,5<\/span>\u00a0<span class=\"wprm-recipe-ingredient-unit\">dl<\/span>\u00a0<span class=\"wprm-recipe-ingredient-name\">lunkent vand<\/span><\/li>\n<li class=\"wprm-recipe-ingredient\" data-uid=\"1\"><span class=\"wprm-recipe-ingredient-amount\">510<\/span>\u00a0<span class=\"wprm-recipe-ingredient-unit\">gram<\/span>\u00a0<span class=\"wprm-recipe-ingredient-name\">g\u00e6r<\/span><\/li>\n<li class=\"wprm-recipe-ingredient\" data-uid=\"2\"><span class=\"wprm-recipe-ingredient-amount\">1\/4<\/span>\u00a0<span class=\"wprm-recipe-ingredient-unit\">tsk<\/span>\u00a0<span class=\"wprm-recipe-ingredient-name\">sukker.<\/span>\u00a0H<span class=\"wprm-recipe-ingredient-notes wprm-recipe-ingredient-notes-faded\">onning eller sirup kan ogs\u00e5 bruges<\/span><\/li>\n<li class=\"wprm-recipe-ingredient\" data-uid=\"3\"><span class=\"wprm-recipe-ingredient-amount\">50 g<\/span>\u00a0<span class=\"wprm-recipe-ingredient-name\">havregryn<\/span><span class=\"wprm-recipe-ingredient-notes wprm-recipe-ingredient-notes-faded\">. Kan erstattes med andet fuldkornsmel<\/span><\/li>\n<li class=\"wprm-recipe-ingredient\" data-uid=\"4\"><span class=\"wprm-recipe-ingredient-amount\">ca. 300<\/span>\u00a0<span class=\"wprm-recipe-ingredient-unit\">gram<\/span>\u00a0<span class=\"wprm-recipe-ingredient-name\">hvedemel<\/span><\/li>\n<li data-uid=\"4\">evt. 10 g bageenzym<\/li>\n<li class=\"wprm-recipe-ingredient\" data-uid=\"5\"><span class=\"wprm-recipe-ingredient-amount\">\u00bd<\/span>\u00a0<span class=\"wprm-recipe-ingredient-unit\">tsk<\/span>\u00a0<span class=\"wprm-recipe-ingredient-name\">salt<\/span><\/li>\n<li class=\"wprm-recipe-ingredient\" data-uid=\"6\"><span class=\"wprm-recipe-ingredient-name\">pensling: m\u00e6lk<\/span><\/li>\n<li class=\"wprm-recipe-ingredient\" data-uid=\"7\"><span class=\"wprm-recipe-ingredient-name\">evt. drys: sesam, havregryn eller lign.<\/span><\/li>\n<\/ul>\n<h3 data-fontsize=\"16.2\" data-lineheight=\"21.06px\"><\/h3>\n<h3 class=\"wprm-recipe-header wprm-recipe-notes-header wprm-block-text-bold wprm-align-left wprm-header-decoration-none fusion-responsive-typography-calculated\" data-fontsize=\"16.2\" data-lineheight=\"21.06px\">Noter<\/h3>\n<p class=\"wprm-recipe-header wprm-recipe-notes-header wprm-block-text-bold wprm-align-left wprm-header-decoration-none fusion-responsive-typography-calculated\" data-fontsize=\"16.2\" data-lineheight=\"21.06px\">Du kan lave en st\u00f8rre m\u00e6ngde dej og s\u00e5 opbevare resten af dejen i k\u00f8leskabet. Dejen kan holde sig 3-4 dage.<\/p>\n<h3 class=\"wprm-recipe-header wprm-recipe-instructions-header wprm-block-text-bold wprm-align-left wprm-header-decoration-none fusion-responsive-typography-calculated\" data-fontsize=\"16.2\" data-lineheight=\"21.06px\">S\u00e5dan g\u00f8r du<\/h3>\n<div class=\"wprm-recipe-instruction-group\">\n<ul class=\"wprm-recipe-instructions\">\n<li id=\"wprm-recipe-76552-step-0-0\" class=\"wprm-recipe-instruction\">\n<div class=\"wprm-recipe-instruction-text\">R\u00f8r g\u00e6ren ud i det lunkne vand og tils\u00e6t sukker\/honning\/sirup. Tils\u00e6t havregryn<\/div>\n<\/li>\n<li id=\"wprm-recipe-76552-step-0-1\" class=\"wprm-recipe-instruction\">\n<div class=\"wprm-recipe-instruction-text\">R\u00f8r mel og salt i. \u00c6lt dejen og tils\u00e6t mel, til dejen kan r\u00f8res uden at klistre for meget til sk\u00e5l\/fingre. Lad dejen h\u00e6ve tild\u00e6kket et lunt sted i 30-45 minutter<\/div>\n<\/li>\n<li>Form dejen til boller, og l\u00e6g dem p\u00e5 bagepapir i airfryeren<\/li>\n<li>Lad bollerne h\u00e6ve 30-45 minutter tild\u00e6kket et lunt sted<\/li>\n<li>Pensl nu bollerne med m\u00e6lk eller \u00e6g. Du kan drysse bollerne med f.eks. sesam ell. havregryn<\/li>\n<li>Bag bollerne 10 minutter i airfryeren v. 200 grader<\/li>\n<li>N\u00e5r de 10 minutter er g\u00e5et, s\u00e5 vend bollerne, tr\u00e6k bagepapiret af og bag yderligere 7 minutter v. 200 grader<\/li>\n<\/ul>\n<\/div>\n<\/div>\n<\/div>\n<\/li>\n<\/ul>\n","protected":false},"excerpt":{"rendered":"<p>Boller i airfryer (brydebr\u00f8d) Ingredienser Til 8 boller \u2013 bag 4 af gangen 2,5\u00a0dl\u00a0lunkent vand 510\u00a0gram\u00a0g\u00e6r 1\/4\u00a0tsk\u00a0sukker.\u00a0Honning eller sirup kan ogs\u00e5 bruges 50 g\u00a0havregryn. Kan erstattes med andet fuldkornsmel ca. 300\u00a0gram\u00a0hvedemel evt. 10 g bageenzym \u00bd\u00a0tsk\u00a0salt pensling: m\u00e6lk evt. drys: <a class=\"more-link\" href=\"https:\/\/friis8600.dk\/opskrifter\/index.php\/brydebroed-i-airfryer\/\">L\u00e6s mere &#8230;<\/a><\/p>\n","protected":false},"author":1,"featured_media":0,"parent":0,"menu_order":0,"comment_status":"closed","ping_status":"closed","template":"","meta":{"footnotes":""},"class_list":["post-397","page","type-page","status-publish","hentry"],"_links":{"self":[{"href":"https:\/\/friis8600.dk\/opskrifter\/index.php\/wp-json\/wp\/v2\/pages\/397","targetHints":{"allow":["GET"]}}],"collection":[{"href":"https:\/\/friis8600.dk\/opskrifter\/index.php\/wp-json\/wp\/v2\/pages"}],"about":[{"href":"https:\/\/friis8600.dk\/opskrifter\/index.php\/wp-json\/wp\/v2\/types\/page"}],"author":[{"embeddable":true,"href":"https:\/\/friis8600.dk\/opskrifter\/index.php\/wp-json\/wp\/v2\/users\/1"}],"replies":[{"embeddable":true,"href":"https:\/\/friis8600.dk\/opskrifter\/index.php\/wp-json\/wp\/v2\/comments?post=397"}],"version-history":[{"count":2,"href":"https:\/\/friis8600.dk\/opskrifter\/index.php\/wp-json\/wp\/v2\/pages\/397\/revisions"}],"predecessor-version":[{"id":521,"href":"https:\/\/friis8600.dk\/opskrifter\/index.php\/wp-json\/wp\/v2\/pages\/397\/revisions\/521"}],"wp:attachment":[{"href":"https:\/\/friis8600.dk\/opskrifter\/index.php\/wp-json\/wp\/v2\/media?parent=397"}],"curies":[{"name":"wp","href":"https:\/\/api.w.org\/{rel}","templated":true}]}}