{"id":367,"date":"2023-01-25T17:02:09","date_gmt":"2023-01-25T16:02:09","guid":{"rendered":"https:\/\/friis8600.dk\/opskrifter\/?page_id=367"},"modified":"2023-01-25T17:02:09","modified_gmt":"2023-01-25T16:02:09","slug":"mormors-fastelavnsboller","status":"publish","type":"page","link":"https:\/\/friis8600.dk\/opskrifter\/index.php\/mormors-fastelavnsboller\/","title":{"rendered":"Mormors fastelavnsboller"},"content":{"rendered":"<ul type=\"circle\">\n<li>250 g mel<\/li>\n<li>100 g svinefedt<\/li>\n<li>25 g g\u00e6r<\/li>\n<li>3 spsk sukker<\/li>\n<li>1 \u00e6g<\/li>\n<li>\u00be dl m\u00e6lk<\/li>\n<li>evt. rosiner eller sukat.<\/li>\n<\/ul>\n<p>G\u00e6r udr\u00f8res i lunken m\u00e6lk, det tils\u00e6ttes den smuldrede mel\/fedtblanding.<br \/>\nTils\u00e6t resten af ingredienserne og \u00e6lt godt.<br \/>\nLad h\u00e6ve.<br \/>\nDejen sl\u00e5s ned og formes til boller, som f\u00e5r creme- eller remoncefyld.<br \/>\nEfterh\u00e6ver tild\u00e6kkede 30-45 min.<br \/>\nPensles med \u00e6g.<br \/>\nBages ca. 10 min. ved 225\u00b0C.<\/p>\n","protected":false},"excerpt":{"rendered":"<p>250 g mel 100 g svinefedt 25 g g\u00e6r 3 spsk sukker 1 \u00e6g \u00be dl m\u00e6lk evt. rosiner eller sukat. G\u00e6r udr\u00f8res i lunken m\u00e6lk, det tils\u00e6ttes den smuldrede mel\/fedtblanding. Tils\u00e6t resten af ingredienserne og \u00e6lt godt. Lad h\u00e6ve. <a class=\"more-link\" href=\"https:\/\/friis8600.dk\/opskrifter\/index.php\/mormors-fastelavnsboller\/\">L\u00e6s mere &#8230;<\/a><\/p>\n","protected":false},"author":1,"featured_media":0,"parent":0,"menu_order":0,"comment_status":"closed","ping_status":"closed","template":"","meta":{"footnotes":""},"class_list":["post-367","page","type-page","status-publish","hentry"],"_links":{"self":[{"href":"https:\/\/friis8600.dk\/opskrifter\/index.php\/wp-json\/wp\/v2\/pages\/367","targetHints":{"allow":["GET"]}}],"collection":[{"href":"https:\/\/friis8600.dk\/opskrifter\/index.php\/wp-json\/wp\/v2\/pages"}],"about":[{"href":"https:\/\/friis8600.dk\/opskrifter\/index.php\/wp-json\/wp\/v2\/types\/page"}],"author":[{"embeddable":true,"href":"https:\/\/friis8600.dk\/opskrifter\/index.php\/wp-json\/wp\/v2\/users\/1"}],"replies":[{"embeddable":true,"href":"https:\/\/friis8600.dk\/opskrifter\/index.php\/wp-json\/wp\/v2\/comments?post=367"}],"version-history":[{"count":1,"href":"https:\/\/friis8600.dk\/opskrifter\/index.php\/wp-json\/wp\/v2\/pages\/367\/revisions"}],"predecessor-version":[{"id":368,"href":"https:\/\/friis8600.dk\/opskrifter\/index.php\/wp-json\/wp\/v2\/pages\/367\/revisions\/368"}],"wp:attachment":[{"href":"https:\/\/friis8600.dk\/opskrifter\/index.php\/wp-json\/wp\/v2\/media?parent=367"}],"curies":[{"name":"wp","href":"https:\/\/api.w.org\/{rel}","templated":true}]}}