{"id":358,"date":"2023-01-25T16:58:59","date_gmt":"2023-01-25T15:58:59","guid":{"rendered":"https:\/\/friis8600.dk\/opskrifter\/?page_id=358"},"modified":"2023-01-25T16:58:59","modified_gmt":"2023-01-25T15:58:59","slug":"lillys-ingefaersmaakager","status":"publish","type":"page","link":"https:\/\/friis8600.dk\/opskrifter\/index.php\/lillys-ingefaersmaakager\/","title":{"rendered":"Lilly\u00b4s ingef\u00e6rsm\u00e5kager"},"content":{"rendered":"<ul type=\"circle\">\n<li>\u00bd kg mel<\/li>\n<li>\u00bd kg sukker<\/li>\n<li>200 g sm\u00f8r<\/li>\n<li>2 \u00e6g<\/li>\n<li>1\u00bd tsk natron<\/li>\n<li>2 tsk kanel<\/li>\n<li>1 tsk nelliker<\/li>\n<li>2\u00bd tsk ingef\u00e6r<\/li>\n<\/ul>\n<p>Trykkes igennem k\u00f8dhakkeren med den flade form.<br \/>\nL\u00e6g dem p\u00e5 et sk\u00e6rebr\u00e6t, og sk\u00e6r dem i ca. 3 cm bredde snitter.<br \/>\nBag kagerne ca. 10-12 min. ved 200\u00b0C p\u00e5 midterste ovnribbe.<br \/>\nLad dem k\u00f8le af.<\/p>\n","protected":false},"excerpt":{"rendered":"<p>\u00bd kg mel \u00bd kg sukker 200 g sm\u00f8r 2 \u00e6g 1\u00bd tsk natron 2 tsk kanel 1 tsk nelliker 2\u00bd tsk ingef\u00e6r Trykkes igennem k\u00f8dhakkeren med den flade form. L\u00e6g dem p\u00e5 et sk\u00e6rebr\u00e6t, og sk\u00e6r dem i ca. <a class=\"more-link\" href=\"https:\/\/friis8600.dk\/opskrifter\/index.php\/lillys-ingefaersmaakager\/\">L\u00e6s mere &#8230;<\/a><\/p>\n","protected":false},"author":1,"featured_media":0,"parent":0,"menu_order":0,"comment_status":"closed","ping_status":"closed","template":"","meta":{"footnotes":""},"class_list":["post-358","page","type-page","status-publish","hentry"],"_links":{"self":[{"href":"https:\/\/friis8600.dk\/opskrifter\/index.php\/wp-json\/wp\/v2\/pages\/358","targetHints":{"allow":["GET"]}}],"collection":[{"href":"https:\/\/friis8600.dk\/opskrifter\/index.php\/wp-json\/wp\/v2\/pages"}],"about":[{"href":"https:\/\/friis8600.dk\/opskrifter\/index.php\/wp-json\/wp\/v2\/types\/page"}],"author":[{"embeddable":true,"href":"https:\/\/friis8600.dk\/opskrifter\/index.php\/wp-json\/wp\/v2\/users\/1"}],"replies":[{"embeddable":true,"href":"https:\/\/friis8600.dk\/opskrifter\/index.php\/wp-json\/wp\/v2\/comments?post=358"}],"version-history":[{"count":1,"href":"https:\/\/friis8600.dk\/opskrifter\/index.php\/wp-json\/wp\/v2\/pages\/358\/revisions"}],"predecessor-version":[{"id":359,"href":"https:\/\/friis8600.dk\/opskrifter\/index.php\/wp-json\/wp\/v2\/pages\/358\/revisions\/359"}],"wp:attachment":[{"href":"https:\/\/friis8600.dk\/opskrifter\/index.php\/wp-json\/wp\/v2\/media?parent=358"}],"curies":[{"name":"wp","href":"https:\/\/api.w.org\/{rel}","templated":true}]}}