{"id":329,"date":"2023-01-25T16:50:00","date_gmt":"2023-01-25T15:50:00","guid":{"rendered":"https:\/\/friis8600.dk\/opskrifter\/?page_id=329"},"modified":"2023-01-25T16:50:00","modified_gmt":"2023-01-25T15:50:00","slug":"chokoladekage","status":"publish","type":"page","link":"https:\/\/friis8600.dk\/opskrifter\/index.php\/chokoladekage\/","title":{"rendered":"Chokoladekage"},"content":{"rendered":"<p>Verdens bedste svampede chokoladekage<\/p>\n<p>Portioner: 20-25 pers.<\/p>\n<ul type=\"circle\">\n<li>175 gram sm\u00f8r<\/li>\n<li>3,7 dl vand<\/li>\n<li>30 gram kakaopulver<\/li>\n<li>1 tsk. vaniljesukker<\/li>\n<li>300 gram sukker<\/li>\n<li>300 gram kakaodrikpulver<\/li>\n<li>450 gram hvedemel<\/li>\n<li>1\/22 tsk. natron<\/li>\n<li>2 tsk. bagepulver<\/li>\n<li>1,8 dl tykm\u00e6lk eller andet surm\u00e6lksprodukt<\/li>\n<li>2 store eller 3 sm\u00e5 \u00e6g<\/li>\n<li>Eventuelt 100 gram grofthakket chokolade eller mere<\/li>\n<\/ul>\n<p>Glasur:<\/p>\n<ul type=\"circle\">\n<li>250 gram flormelis<\/li>\n<li>Revet chokolade<\/li>\n<\/ul>\n<p>Lun vand i en kasserolle og tils\u00e6t sm\u00f8rret. Lun til sm\u00f8rret er smeltet.<br \/>\nTils\u00e6t kakaopulver og r\u00f8r til pulveret er opl\u00f8st.<br \/>\nBland mel, sukker, kakaodrikpulver, vanilje, bagepulver og natron i en sk\u00e5l og h\u00e6ld chokoladeblandingen heri. R\u00f8r godt.<br \/>\nTils\u00e6t tykm\u00e6lk og r\u00f8r godt.<br \/>\nR\u00f8r \u00e6ggene i og pisk godt efter hvert \u00e6g.<br \/>\nSm\u00f8r en bradepandeform og h\u00e6ld dejen heri. Ovnens store bradepande kan bruges.<br \/>\nBag kagen 35-40 minutter v. 150\u00b0C varmluft.<br \/>\nKagen skal v\u00e6re kl\u00e6g og fugtig inden i, men der m\u00e5 ikke h\u00e6nge dej ved strikkepinden.<br \/>\nBag ikke kagen for l\u00e6nge \u2013 den m\u00e5 ikke blive for t\u00f8r.<\/p>\n<p>Lad kagen afk\u00f8le for du sm\u00f8rer glasur p\u00e5.<br \/>\nRiv straks herefter chokolade over glasuren.<br \/>\nKan l\u00e6gges sammen med sm\u00f8rcreme i stedet.<\/p>\n","protected":false},"excerpt":{"rendered":"<p>Verdens bedste svampede chokoladekage Portioner: 20-25 pers. 175 gram sm\u00f8r 3,7 dl vand 30 gram kakaopulver 1 tsk. vaniljesukker 300 gram sukker 300 gram kakaodrikpulver 450 gram hvedemel 1\/22 tsk. natron 2 tsk. bagepulver 1,8 dl tykm\u00e6lk eller andet surm\u00e6lksprodukt <a class=\"more-link\" href=\"https:\/\/friis8600.dk\/opskrifter\/index.php\/chokoladekage\/\">L\u00e6s mere &#8230;<\/a><\/p>\n","protected":false},"author":1,"featured_media":0,"parent":0,"menu_order":0,"comment_status":"closed","ping_status":"closed","template":"","meta":{"footnotes":""},"class_list":["post-329","page","type-page","status-publish","hentry"],"_links":{"self":[{"href":"https:\/\/friis8600.dk\/opskrifter\/index.php\/wp-json\/wp\/v2\/pages\/329","targetHints":{"allow":["GET"]}}],"collection":[{"href":"https:\/\/friis8600.dk\/opskrifter\/index.php\/wp-json\/wp\/v2\/pages"}],"about":[{"href":"https:\/\/friis8600.dk\/opskrifter\/index.php\/wp-json\/wp\/v2\/types\/page"}],"author":[{"embeddable":true,"href":"https:\/\/friis8600.dk\/opskrifter\/index.php\/wp-json\/wp\/v2\/users\/1"}],"replies":[{"embeddable":true,"href":"https:\/\/friis8600.dk\/opskrifter\/index.php\/wp-json\/wp\/v2\/comments?post=329"}],"version-history":[{"count":1,"href":"https:\/\/friis8600.dk\/opskrifter\/index.php\/wp-json\/wp\/v2\/pages\/329\/revisions"}],"predecessor-version":[{"id":330,"href":"https:\/\/friis8600.dk\/opskrifter\/index.php\/wp-json\/wp\/v2\/pages\/329\/revisions\/330"}],"wp:attachment":[{"href":"https:\/\/friis8600.dk\/opskrifter\/index.php\/wp-json\/wp\/v2\/media?parent=329"}],"curies":[{"name":"wp","href":"https:\/\/api.w.org\/{rel}","templated":true}]}}