{"id":294,"date":"2023-01-25T11:57:51","date_gmt":"2023-01-25T10:57:51","guid":{"rendered":"https:\/\/friis8600.dk\/opskrifter\/?page_id=294"},"modified":"2023-01-25T11:57:51","modified_gmt":"2023-01-25T10:57:51","slug":"specier-med-chokolade-noedder","status":"publish","type":"page","link":"https:\/\/friis8600.dk\/opskrifter\/index.php\/specier-med-chokolade-noedder\/","title":{"rendered":"Specier med chokolade &#038; n\u00f8dder"},"content":{"rendered":"<p>Til ca. 120 stk.<\/p>\n<ul type=\"circle\">\n<li>500 g hvedemel<\/li>\n<li>300 g sm\u00f8r<\/li>\n<li>150 g sukker<\/li>\n<li>250 g brun farin<\/li>\n<li>2 \u00e6g<\/li>\n<li>100 g hakkede n\u00f8ddekerner<\/li>\n<li>100 g finthakket chokolade<\/li>\n<li>3 tsk. natron (soda)<\/li>\n<\/ul>\n<p>Mel sigtes sammen med natron. Alt \u00e6ltes sammen til en ensartet dej.<br \/>\nDel dejen i 4 lige store dele, der formes til kugler. og derefter trilles ud til ca. 30 cm. lange p\u00f8lser.<br \/>\nDejen kan l\u00e6gges p\u00e5 k\u00f8l\/frost hvis der skal bages senere.<br \/>\nSk\u00e6r p\u00f8lsen op i ca. 3 mm tykke skiver, og bag p\u00e5 midterste rille ved 200\u00b0C i ca. 8 min.<br \/>\nDe afk\u00f8lede specier opbevares luftt\u00e6t.<\/p>\n","protected":false},"excerpt":{"rendered":"<p>Til ca. 120 stk. 500 g hvedemel 300 g sm\u00f8r 150 g sukker 250 g brun farin 2 \u00e6g 100 g hakkede n\u00f8ddekerner 100 g finthakket chokolade 3 tsk. natron (soda) Mel sigtes sammen med natron. Alt \u00e6ltes sammen til <a class=\"more-link\" href=\"https:\/\/friis8600.dk\/opskrifter\/index.php\/specier-med-chokolade-noedder\/\">L\u00e6s mere &#8230;<\/a><\/p>\n","protected":false},"author":1,"featured_media":0,"parent":0,"menu_order":0,"comment_status":"closed","ping_status":"closed","template":"","meta":{"footnotes":""},"class_list":["post-294","page","type-page","status-publish","hentry"],"_links":{"self":[{"href":"https:\/\/friis8600.dk\/opskrifter\/index.php\/wp-json\/wp\/v2\/pages\/294","targetHints":{"allow":["GET"]}}],"collection":[{"href":"https:\/\/friis8600.dk\/opskrifter\/index.php\/wp-json\/wp\/v2\/pages"}],"about":[{"href":"https:\/\/friis8600.dk\/opskrifter\/index.php\/wp-json\/wp\/v2\/types\/page"}],"author":[{"embeddable":true,"href":"https:\/\/friis8600.dk\/opskrifter\/index.php\/wp-json\/wp\/v2\/users\/1"}],"replies":[{"embeddable":true,"href":"https:\/\/friis8600.dk\/opskrifter\/index.php\/wp-json\/wp\/v2\/comments?post=294"}],"version-history":[{"count":1,"href":"https:\/\/friis8600.dk\/opskrifter\/index.php\/wp-json\/wp\/v2\/pages\/294\/revisions"}],"predecessor-version":[{"id":295,"href":"https:\/\/friis8600.dk\/opskrifter\/index.php\/wp-json\/wp\/v2\/pages\/294\/revisions\/295"}],"wp:attachment":[{"href":"https:\/\/friis8600.dk\/opskrifter\/index.php\/wp-json\/wp\/v2\/media?parent=294"}],"curies":[{"name":"wp","href":"https:\/\/api.w.org\/{rel}","templated":true}]}}