{"id":256,"date":"2023-01-24T19:23:31","date_gmt":"2023-01-24T18:23:31","guid":{"rendered":"https:\/\/friis8600.dk\/opskrifter\/?page_id=256"},"modified":"2023-01-24T19:23:31","modified_gmt":"2023-01-24T18:23:31","slug":"after-eight-is-med-sirop-de-menthe","status":"publish","type":"page","link":"https:\/\/friis8600.dk\/opskrifter\/index.php\/after-eight-is-med-sirop-de-menthe\/","title":{"rendered":"After Eight is med Sirop de Menthe"},"content":{"rendered":"<ul type=\"circle\">\n<li>200 ml sirop de menthe<\/li>\n<li>1 \u00e6g<\/li>\n<li>170 g sukker<\/li>\n<li>300 ml m\u00e6lk<\/li>\n<li>300 ml fl\u00f8de<\/li>\n<li>70 g m\u00f8rk chokolade<\/li>\n<\/ul>\n<p>R\u00f8r \u00e6g og sukker til \u00e6ggesnaps<br \/>\nTilbland m\u00e6lk og sirup.<br \/>\nFrys i maskinen ca. 55 min, f\u00f8r revet chokolade tils\u00e6ttes.<br \/>\nFrys yderligere 5 minutter.<\/p>\n<p>M\u00e6lk og fl\u00f8de kan erstattes med 1 d\u00e5se kondensm\u00e6lk (400 ml) + 200 ml fl\u00f8de<\/p>\n","protected":false},"excerpt":{"rendered":"<p>200 ml sirop de menthe 1 \u00e6g 170 g sukker 300 ml m\u00e6lk 300 ml fl\u00f8de 70 g m\u00f8rk chokolade R\u00f8r \u00e6g og sukker til \u00e6ggesnaps Tilbland m\u00e6lk og sirup. Frys i maskinen ca. 55 min, f\u00f8r revet chokolade tils\u00e6ttes. <a class=\"more-link\" href=\"https:\/\/friis8600.dk\/opskrifter\/index.php\/after-eight-is-med-sirop-de-menthe\/\">L\u00e6s mere &#8230;<\/a><\/p>\n","protected":false},"author":1,"featured_media":0,"parent":0,"menu_order":0,"comment_status":"closed","ping_status":"closed","template":"","meta":{"footnotes":""},"class_list":["post-256","page","type-page","status-publish","hentry"],"_links":{"self":[{"href":"https:\/\/friis8600.dk\/opskrifter\/index.php\/wp-json\/wp\/v2\/pages\/256","targetHints":{"allow":["GET"]}}],"collection":[{"href":"https:\/\/friis8600.dk\/opskrifter\/index.php\/wp-json\/wp\/v2\/pages"}],"about":[{"href":"https:\/\/friis8600.dk\/opskrifter\/index.php\/wp-json\/wp\/v2\/types\/page"}],"author":[{"embeddable":true,"href":"https:\/\/friis8600.dk\/opskrifter\/index.php\/wp-json\/wp\/v2\/users\/1"}],"replies":[{"embeddable":true,"href":"https:\/\/friis8600.dk\/opskrifter\/index.php\/wp-json\/wp\/v2\/comments?post=256"}],"version-history":[{"count":1,"href":"https:\/\/friis8600.dk\/opskrifter\/index.php\/wp-json\/wp\/v2\/pages\/256\/revisions"}],"predecessor-version":[{"id":257,"href":"https:\/\/friis8600.dk\/opskrifter\/index.php\/wp-json\/wp\/v2\/pages\/256\/revisions\/257"}],"wp:attachment":[{"href":"https:\/\/friis8600.dk\/opskrifter\/index.php\/wp-json\/wp\/v2\/media?parent=256"}],"curies":[{"name":"wp","href":"https:\/\/api.w.org\/{rel}","templated":true}]}}