{"id":182,"date":"2023-01-24T18:44:36","date_gmt":"2023-01-24T17:44:36","guid":{"rendered":"https:\/\/friis8600.dk\/opskrifter\/?page_id=182"},"modified":"2023-01-24T18:44:36","modified_gmt":"2023-01-24T17:44:36","slug":"poulet-a-la-normande","status":"publish","type":"page","link":"https:\/\/friis8600.dk\/opskrifter\/index.php\/poulet-a-la-normande\/","title":{"rendered":"Poulet \u00e0 la Normande"},"content":{"rendered":"<p>8 personer<\/p>\n<ul type=\"circle\">\n<li>8 kyllingefiletter<\/li>\n<li>2 sm\u00e5 \u00e6bler<\/li>\n<li>2 bakker champignon<\/li>\n<li>350 ml cr\u00e8me fra\u00eeche<\/li>\n<li>ca. 2 l cidre brut<\/li>\n<li>1\u00bd glas calvados<\/li>\n<\/ul>\n<p>Steg filetterne i sm\u00f8r til de er gyldne. Flamber dem i calvados.<br \/>\nTils\u00e6t delte champignon og fintsk\u00e5rne \u00e6bler. D\u00e6k fuldst\u00e6ndigt med cidre. Kog ved svag varme.<br \/>\nEfter 1:30 tages filetterne op, og holdes varme.<br \/>\nKog resten ind ved st\u00e6rkere varme. Tils\u00e6t fl\u00f8den og kog videre ca. 10 min.<br \/>\nH\u00e6ld sovsen over filetterne og server ris til.<\/p>\n","protected":false},"excerpt":{"rendered":"<p>8 personer 8 kyllingefiletter 2 sm\u00e5 \u00e6bler 2 bakker champignon 350 ml cr\u00e8me fra\u00eeche ca. 2 l cidre brut 1\u00bd glas calvados Steg filetterne i sm\u00f8r til de er gyldne. Flamber dem i calvados. Tils\u00e6t delte champignon og fintsk\u00e5rne \u00e6bler. <a class=\"more-link\" href=\"https:\/\/friis8600.dk\/opskrifter\/index.php\/poulet-a-la-normande\/\">L\u00e6s mere &#8230;<\/a><\/p>\n","protected":false},"author":1,"featured_media":0,"parent":0,"menu_order":0,"comment_status":"closed","ping_status":"closed","template":"","meta":{"footnotes":""},"class_list":["post-182","page","type-page","status-publish","hentry"],"_links":{"self":[{"href":"https:\/\/friis8600.dk\/opskrifter\/index.php\/wp-json\/wp\/v2\/pages\/182","targetHints":{"allow":["GET"]}}],"collection":[{"href":"https:\/\/friis8600.dk\/opskrifter\/index.php\/wp-json\/wp\/v2\/pages"}],"about":[{"href":"https:\/\/friis8600.dk\/opskrifter\/index.php\/wp-json\/wp\/v2\/types\/page"}],"author":[{"embeddable":true,"href":"https:\/\/friis8600.dk\/opskrifter\/index.php\/wp-json\/wp\/v2\/users\/1"}],"replies":[{"embeddable":true,"href":"https:\/\/friis8600.dk\/opskrifter\/index.php\/wp-json\/wp\/v2\/comments?post=182"}],"version-history":[{"count":1,"href":"https:\/\/friis8600.dk\/opskrifter\/index.php\/wp-json\/wp\/v2\/pages\/182\/revisions"}],"predecessor-version":[{"id":183,"href":"https:\/\/friis8600.dk\/opskrifter\/index.php\/wp-json\/wp\/v2\/pages\/182\/revisions\/183"}],"wp:attachment":[{"href":"https:\/\/friis8600.dk\/opskrifter\/index.php\/wp-json\/wp\/v2\/media?parent=182"}],"curies":[{"name":"wp","href":"https:\/\/api.w.org\/{rel}","templated":true}]}}