{"id":101,"date":"2023-01-24T09:04:17","date_gmt":"2023-01-24T08:04:17","guid":{"rendered":"https:\/\/friis8600.dk\/opskrifter\/?page_id=101"},"modified":"2023-01-24T09:04:17","modified_gmt":"2023-01-24T08:04:17","slug":"hindbaermousse-til-lagkage","status":"publish","type":"page","link":"https:\/\/friis8600.dk\/opskrifter\/index.php\/hindbaermousse-til-lagkage\/","title":{"rendered":"Hindb\u00e6rmousse til lagkage"},"content":{"rendered":"<p>Til en alm. stor lagkage<\/p>\n<p>MOUSSE:<\/p>\n<ul type=\"circle\">\n<li>150 g hindb\u00e6r 1 spsk sukker<\/li>\n<li>2 blade husblas<\/li>\n<li>1\/4 l piskefl\u00f8de<\/li>\n<\/ul>\n<p>Husblas kommes i rigeligt vand.<br \/>\nHindb\u00e6r moses med sukker.<br \/>\nFl\u00f8den piskes meget stiv.<br \/>\nHusblas smeltes ca 10 sekunder i mikroovnen og piskes i hinb\u00e6rene.<br \/>\nFl\u00f8deskummet vendes i og det blandes godt rundt.<br \/>\nKommes i kagen og moussen er stiv efter et d\u00f8gn eller to.<\/p>\n<p>LAGKAGEBUNDE:<\/p>\n<ul type=\"circle\">\n<li>6 \u00e6g<\/li>\n<li>6 spsk koldt vand<\/li>\n<li>12 spsk mel<\/li>\n<li>6 spsk sukker<\/li>\n<li>6 spsk flormelis<\/li>\n<li>1 tsk natron<\/li>\n<\/ul>\n<p>Pisk \u00e6ggeblommer og sukker til en lys og luftig masse.<br \/>\nTils\u00e6t vand, mel og natron og r\u00f8r godt sammen.<br \/>\nPisk \u00e6ggehvider stive, kom gradvis flormelis i og pisk uafbrudt for at f\u00e5 glat skum.<br \/>\nR\u00f8r \u00e6ggehvider omhyggeligt i dejen og r\u00f8r sammen.<br \/>\nH\u00e6ld dejen i en springform og bag den ved 170 grader i 30-40 min.<br \/>\nAfk\u00f8l kagen og del den i tre lag (helst fire, hvis dejen er h\u00e6vet nok).<\/p>\n","protected":false},"excerpt":{"rendered":"<p>Til en alm. stor lagkage MOUSSE: 150 g hindb\u00e6r 1 spsk sukker 2 blade husblas 1\/4 l piskefl\u00f8de Husblas kommes i rigeligt vand. Hindb\u00e6r moses med sukker. Fl\u00f8den piskes meget stiv. Husblas smeltes ca 10 sekunder i mikroovnen og piskes <a class=\"more-link\" href=\"https:\/\/friis8600.dk\/opskrifter\/index.php\/hindbaermousse-til-lagkage\/\">L\u00e6s mere &#8230;<\/a><\/p>\n","protected":false},"author":1,"featured_media":0,"parent":0,"menu_order":0,"comment_status":"closed","ping_status":"closed","template":"","meta":{"footnotes":""},"class_list":["post-101","page","type-page","status-publish","hentry"],"_links":{"self":[{"href":"https:\/\/friis8600.dk\/opskrifter\/index.php\/wp-json\/wp\/v2\/pages\/101","targetHints":{"allow":["GET"]}}],"collection":[{"href":"https:\/\/friis8600.dk\/opskrifter\/index.php\/wp-json\/wp\/v2\/pages"}],"about":[{"href":"https:\/\/friis8600.dk\/opskrifter\/index.php\/wp-json\/wp\/v2\/types\/page"}],"author":[{"embeddable":true,"href":"https:\/\/friis8600.dk\/opskrifter\/index.php\/wp-json\/wp\/v2\/users\/1"}],"replies":[{"embeddable":true,"href":"https:\/\/friis8600.dk\/opskrifter\/index.php\/wp-json\/wp\/v2\/comments?post=101"}],"version-history":[{"count":1,"href":"https:\/\/friis8600.dk\/opskrifter\/index.php\/wp-json\/wp\/v2\/pages\/101\/revisions"}],"predecessor-version":[{"id":102,"href":"https:\/\/friis8600.dk\/opskrifter\/index.php\/wp-json\/wp\/v2\/pages\/101\/revisions\/102"}],"wp:attachment":[{"href":"https:\/\/friis8600.dk\/opskrifter\/index.php\/wp-json\/wp\/v2\/media?parent=101"}],"curies":[{"name":"wp","href":"https:\/\/api.w.org\/{rel}","templated":true}]}}